{"id":21,"date":"2025-02-23T18:11:43","date_gmt":"2025-02-23T17:11:43","guid":{"rendered":"https:\/\/cmstech.eu\/?page_id=21"},"modified":"2025-03-12T00:12:40","modified_gmt":"2025-03-11T23:12:40","slug":"impressum","status":"publish","type":"page","link":"https:\/\/cmstech.eu\/Startseite\/impressum\/","title":{"rendered":"Impressum"},"content":{"rendered":"\n<p>Angaben gem\u00e4\u00df \u00a7 5 TMG:<\/p>\n\n\n\n<p><strong>CMS \u2013 Computer Media System<\/strong><br>Fehrbelliner Str. 116<br>16816 Neuruppin<br>Deutschland<\/p>\n\n\n\n<p><strong>Kontakt:<\/strong><br>Telefon: +49 151 46412327<br>E-Mail: <a>info@cmstech.eu<\/a><br>Website: <a href=\"http:\/\/www.cmstech.eu\">www.cmstech.eu<\/a><\/p>\n\n\n\n<p><strong>Verantwortlich f\u00fcr den Inhalt nach \u00a7 55 Abs. 2 RStV:<\/strong><br>CMS \u2013 Computer Media System<br>Fehrbelliner Str. 116<br>16816 Neuruppin<br>Deutschland<\/p>\n\n\n\n<p><strong>Umsatzsteuer-ID:<\/strong><br>\u2013 (Kleinunternehmerregelung gem\u00e4\u00df \u00a7 19 UStG)<\/p>\n\n\n\n<hr class=\"wp-block-separator has-alpha-channel-opacity\"\/>\n\n\n\n<p><strong>Haftungsausschluss (Disclaimer):<\/strong><br>Die Inhalte unserer Seiten wurden mit gr\u00f6\u00dfter Sorgfalt erstellt. F\u00fcr die Richtigkeit, Vollst\u00e4ndigkeit und Aktualit\u00e4t der Inhalte k\u00f6nnen wir jedoch keine Gew\u00e4hr \u00fcbernehmen. Als Diensteanbieter sind wir gem\u00e4\u00df \u00a7 7 Abs. 1 TMG f\u00fcr eigene Inhalte auf diesen Seiten nach den allgemeinen Gesetzen verantwortlich. Nach \u00a7\u00a7 8 bis 10 TMG sind wir jedoch nicht verpflichtet, \u00fcbermittelte oder gespeicherte fremde Informationen zu \u00fcberwachen oder nach Umst\u00e4nden zu forschen, die auf eine rechtswidrige T\u00e4tigkeit hinweisen.<\/p>\n\n\n\n<hr class=\"wp-block-separator has-alpha-channel-opacity\"\/>\n\n\n\n<p><strong>Urheberrecht:<\/strong><br>Die durch die Seitenbetreiber erstellten Inhalte und Werke auf diesen Seiten unterliegen dem deutschen Urheberrecht. Beitr\u00e4ge Dritter sind als solche gekennzeichnet. Eine Vervielf\u00e4ltigung, Bearbeitung, Verbreitung oder jede Art der Verwertung au\u00dferhalb der Grenzen des Urheberrechts bedarf der schriftlichen Zustimmung des jeweiligen Autors bzw. Erstellers.<\/p>\n\n\n\n<hr class=\"wp-block-separator has-alpha-channel-opacity\"\/>\n\n\n\n<p><strong>Abmahnschutz:<\/strong><br>Sollte der Inhalt dieser Website, einschlie\u00dflich des Impressums, durch Dritte, insbesondere durch Mitbewerber, als wettbewerbswidrig oder urheberrechtsverletzend angesehen werden, bitten wir um eine vorherige Kontaktaufnahme per E-Mail. Wir garantieren, dass zu Recht beanstandete Inhalte unverz\u00fcglich entfernt werden. Die Inanspruchnahme eines Anwalts zur Kostennote ist ohne vorherige Kontaktaufnahme mit uns unzul\u00e4ssig und stellt einen Versto\u00df gegen die Schadensminderungspflicht dar.<\/p>\n\n\n\n<hr class=\"wp-block-separator has-alpha-channel-opacity\"\/>\n\n\n\n<p><strong>Hinweis zur Kleinunternehmerregelung:<\/strong><br>Wir sind nach \u00a7 19 UStG von der Umsatzsteuer befreit und berechnen keine Umsatzsteuer auf unsere Rechnungen.<\/p>\n","protected":false},"excerpt":{"rendered":"<div class=\"mh-excerpt\"><p>Angaben gem\u00e4\u00df \u00a7 5 TMG: CMS \u2013 Computer Media SystemFehrbelliner Str. 11616816 NeuruppinDeutschland Kontakt:Telefon: +49 151 46412327E-Mail: info@cmstech.euWebsite: www.cmstech.eu Verantwortlich f\u00fcr den Inhalt nach \u00a7 <a class=\"mh-excerpt-more\" href=\"https:\/\/cmstech.eu\/Startseite\/impressum\/\" title=\"Impressum\">[&#8230;]<\/a><\/p>\n<\/div>","protected":false},"author":1,"featured_media":0,"parent":0,"menu_order":0,"comment_status":"closed","ping_status":"closed","template":"","meta":{"footnotes":""},"class_list":["post-21","page","type-page","status-publish","hentry"],"_links":{"self":[{"href":"https:\/\/cmstech.eu\/Startseite\/wp-json\/wp\/v2\/pages\/21","targetHints":{"allow":["GET"]}}],"collection":[{"href":"https:\/\/cmstech.eu\/Startseite\/wp-json\/wp\/v2\/pages"}],"about":[{"href":"https:\/\/cmstech.eu\/Startseite\/wp-json\/wp\/v2\/types\/page"}],"author":[{"embeddable":true,"href":"https:\/\/cmstech.eu\/Startseite\/wp-json\/wp\/v2\/users\/1"}],"replies":[{"embeddable":true,"href":"https:\/\/cmstech.eu\/Startseite\/wp-json\/wp\/v2\/comments?post=21"}],"version-history":[{"count":5,"href":"https:\/\/cmstech.eu\/Startseite\/wp-json\/wp\/v2\/pages\/21\/revisions"}],"predecessor-version":[{"id":185,"href":"https:\/\/cmstech.eu\/Startseite\/wp-json\/wp\/v2\/pages\/21\/revisions\/185"}],"wp:attachment":[{"href":"https:\/\/cmstech.eu\/Startseite\/wp-json\/wp\/v2\/media?parent=21"}],"curies":[{"name":"wp","href":"https:\/\/api.w.org\/{rel}","templated":true}]}}